{"id":2764,"date":"2023-07-30T19:12:36","date_gmt":"2023-07-30T19:12:36","guid":{"rendered":"https:\/\/nakedspirit.ee\/?page_id=2764"},"modified":"2023-07-30T20:20:34","modified_gmt":"2023-07-30T20:20:34","slug":"terms-of-service","status":"publish","type":"page","link":"https:\/\/www.nakedspirit.ee\/est\/terms-of-service\/","title":{"rendered":"Kasutustingimused"},"content":{"rendered":"<div data-elementor-type=\"wp-page\" data-elementor-id=\"2764\" class=\"elementor elementor-2764\" data-elementor-post-type=\"page\">\n\t\t\t\t\t\t<section class=\"elementor-section elementor-top-section elementor-element elementor-element-2a600de elementor-section-boxed elementor-section-height-default elementor-section-height-default\" data-id=\"2a600de\" data-element_type=\"section\" data-e-type=\"section\">\n\t\t\t\t\t\t<div class=\"elementor-container elementor-column-gap-no\">\n\t\t\t\t\t<div class=\"elementor-column elementor-col-100 elementor-top-column elementor-element elementor-element-f70f6c3\" data-id=\"f70f6c3\" data-element_type=\"column\" data-e-type=\"column\">\n\t\t\t<div class=\"elementor-widget-wrap elementor-element-populated\">\n\t\t\t\t\t\t<div class=\"elementor-element elementor-element-d7eba01 elementor-widget__width-initial elementor-widget elementor-widget-heading\" data-id=\"d7eba01\" data-element_type=\"widget\" data-e-type=\"widget\" data-widget_type=\"heading.default\">\n\t\t\t\t<div class=\"elementor-widget-container\">\n\t\t\t\t\t<h1 class=\"elementor-heading-title elementor-size-default\">Kasutustingimused\n<\/h1>\t\t\t\t<\/div>\n\t\t\t\t<\/div>\n\t\t\t\t<div class=\"elementor-element elementor-element-0c5d025 elementor-widget-divider--view-line elementor-widget elementor-widget-divider\" data-id=\"0c5d025\" data-element_type=\"widget\" data-e-type=\"widget\" data-widget_type=\"divider.default\">\n\t\t\t\t<div class=\"elementor-widget-container\">\n\t\t\t\t\t\t\t<div class=\"elementor-divider\">\n\t\t\t<span class=\"elementor-divider-separator\">\n\t\t\t\t\t\t<\/span>\n\t\t<\/div>\n\t\t\t\t\t\t<\/div>\n\t\t\t\t<\/div>\n\t\t\t\t\t<\/div>\n\t\t<\/div>\n\t\t\t\t\t<\/div>\n\t\t<\/section>\n\t\t\t\t<section class=\"elementor-section elementor-top-section elementor-element elementor-element-62yk5nm elementor-section-boxed elementor-section-height-default elementor-section-height-default\" data-id=\"62yk5nm\" data-element_type=\"section\" data-e-type=\"section\" data-settings=\"{&quot;background_background&quot;:&quot;classic&quot;}\">\n\t\t\t\t\t\t<div class=\"elementor-container elementor-column-gap-default\">\n\t\t\t\t\t<div class=\"elementor-column elementor-col-100 elementor-top-column elementor-element elementor-element-f088365\" data-id=\"f088365\" data-element_type=\"column\" data-e-type=\"column\">\n\t\t\t<div class=\"elementor-widget-wrap elementor-element-populated\">\n\t\t\t\t\t\t<div class=\"elementor-element elementor-element-01dd3f1 elementor-widget elementor-widget-text-editor\" data-id=\"01dd3f1\" data-element_type=\"widget\" data-e-type=\"widget\" data-widget_type=\"text-editor.default\">\n\t\t\t\t<div class=\"elementor-widget-container\">\n\t\t\t\t\t\t\t\t\t<p><span style=\"font-weight: 400;\">Seda veebisaiti nakdespirit.ee haldab Liblikapuu O\u00dc. Kogu saidil viitavad terminid \u201cmeie\u201dLiblikapuu O\u00dc-le. Liblikapuu O\u00dc pakub seda veebisaiti, sealhulgas kogu sellelt saidilt saadaolevat tooteid kasutajale, tingimusel, et n\u00f5ustute k\u00f5igi siin toodud tingimuste, p\u00f5him\u00f5tete ja teadetega.<\/span><\/p><p><span style=\"font-weight: 400;\">Meie saiti k\u00fclastades ja\/v\u00f5i meilt midagi ostes kasutate meie &quot;teenust&quot; ja n\u00f5ustute j\u00e4rgima j\u00e4rgmisi tingimusi (&quot;Teenusetingimused&quot;, &quot;Tingimused&quot;).<\/span><\/p><p><span style=\"font-weight: 400;\">Need teenusetingimused kehtivad k\u00f5igile saidi kasutajatele, sealhulgas ilma piiranguteta kasutajatele, kes on brauserid, m\u00fc\u00fcjad, kliendid, kaupmehed ja\/v\u00f5i sisu kaasautorid.<\/span><\/p><p><span style=\"font-weight: 400;\">Enne meie veebisaidile sisenemist v\u00f5i kasutamist lugege need teenusetingimused hoolikalt l\u00e4bi. Saidi mis tahes osale sisenedes v\u00f5i seda kasutades n\u00f5ustute j\u00e4rgima neid teenusetingimusi. Kui te ei n\u00f5ustu k\u00f5igi selle lepingu tingimustega, ei tohi te veebisaidile siseneda ega teenuseid kasutada.<\/span><\/p><h4><b>M\u00fc\u00fcgilepingu kehtivus, toote- ja hinnainfo<\/b><\/h4><p><span style=\"font-weight: 400;\">M\u00fc\u00fcgitingimused kehtivad e-poest kaupade ostmisel.<\/span><\/p><p><span style=\"font-weight: 400;\">Veebipoes m\u00fc\u00fcdavate toodete hinnad on m\u00e4rgitud toodete juurde. Hinnale lisandub saatmistasu alla 100\u20ac toodetele. \u00dcle 100\u20ac toodetele on saatmine tasuta.<\/span><\/p><p><span style=\"font-weight: 400;\">Saatekulu s\u00f5ltub ostja asukohast. Saatekulu kuvatakse ostja poolt tellimuse esitamisel.<\/span><\/p><p><span style=\"font-weight: 400;\">Tooteinfo on e-poes kohe toote k\u00f5rval.<\/span><\/p><h4><b>Tellimuse esitamine<\/b><\/h4><p><span style=\"font-weight: 400;\">Tellimiseks lisage soovitud tooted ostukorvi. Tellimuse t\u00e4itmiseks t\u00e4itke k\u00f5ik n\u00f5utud v\u00e4ljad. Seej\u00e4rel kuvatakse ekraanil kogukulu.<\/span><\/p><p><span style=\"font-weight: 400;\">Leping j\u00f5ustub tasumisele kuuluva summa laekumisel veebipoe pangakontole.<\/span><\/p><p><span style=\"font-weight: 400;\">Kui meil ei ole v\u00f5imalik tellitud kaupa tarnida laoseisu l\u00f5ppemise t\u00f5ttu v\u00f5i muul p\u00f5hjusel, teavitatakse sellest ostjat esimesel v\u00f5imalusel ning tagastatakse tasutud raha (koos saatekuluga) viivitamata, kuid mitte hiljem kui 14 p\u00e4eva jooksul kauba ostmisest. teate saamine.<\/span><\/p><h4><b>Makse<\/b><\/h4><p><span style=\"font-weight: 400;\">Pangalinkide pakkumiseks teeme koost\u00f6\u00f6d Montonioga. Peale tellimuse vormistamist vajuta sobivale pangalingile, mis suunab Sind koheselt Sinu poolt valitud internetipanka: Swedbank, SEB, Luminor, LHV pank, Coop Pank, Citadele Eesti. Sisesta oma kasutajanimi ja paroolid ning logi sisse internetipanka. P\u00e4rast seda n\u00e4ete juba t\u00e4idetud maksekorraldust, millel on n\u00e4idatud toodete eest tasumisele kuuluv summa, mida soovite osta. Kinnitage v\u00f5i t\u00fchistage maksekorraldus ja vajutage &#039;Tagasi kaupmehe juurde&#039;.<\/span><\/p><p><span style=\"font-weight: 400;\">Fot krediitkaart, sisestage oma krediitkaardi andmed. Kinnitage v\u00f5i t\u00fchistage andmed. Krediitkaardiga tasumisel pikeneb tarneaeg makse laekumiseks kuluva aja v\u00f5rra, mis on tavaliselt 1-2 t\u00f6\u00f6p\u00e4eva.<\/span><\/p><h4><b>Saadetis<\/b><\/h4><p><span style=\"font-weight: 400;\">Tarneteenus Eestis (siseriiklik), L\u00e4tis ja Leedus.<\/span><\/p><p><span style=\"font-weight: 400;\">Kasutame kohalikku postiteenust Omniva (k\u00e4ttetoimetamine toimub kas kulleriga v\u00f5i pakiautomaadi kaudu).\u00a0<\/span><\/p><p><span style=\"font-weight: 400;\">Kohaletoimetamine rahvusvaheline (saatame \u00fcle maailma).<\/span><\/p><p><span style=\"font-weight: 400;\">Kasutame kohalikku postiteenuseid DPD ja <\/span><a href=\"https:\/\/www.omniva.ee\/eng\"><span style=\"font-weight: 400;\">Omniva<\/span><\/a><\/p><h4><b>Tarneteenuse maksumus ja aeg<\/b><\/h4><p><span style=\"font-weight: 400;\">Saatekulu s\u00f5ltub ostja asukohast. Saatekulu kuvatakse ostja poolt tellimuse esitamisel.<\/span><\/p><p><span style=\"font-weight: 400;\">K\u00f5ik Eesti, L\u00e4ti ja Leedu sisesed saadetised j\u00f5uavad \u00fcldjuhul ostja m\u00e4\u00e4ratud sihtkohta 3-7 t\u00f6\u00f6p\u00e4eva jooksul alates m\u00fc\u00fcgilepingu j\u00f5ustumise kuup\u00e4evast.<\/span><\/p><p><span style=\"font-weight: 400;\">K\u00f5ik saadetised v\u00e4ljaspool Eestit, L\u00e4tit ja Leedut on garanteeritud 14 t\u00f6\u00f6p\u00e4eva jooksul.<\/span><\/p><p><span style=\"font-weight: 400;\">Meil on \u00f5igus erandjuhtudel kaubad kohale toimetada kuni 45 kalendrip\u00e4eva jooksul.<\/span><\/p><p><span style=\"font-weight: 400;\">Lisateabe saamiseks palun <a href=\"https:\/\/www.nakedspirit.ee\/est\/contact\/\">v\u00f5tke meiega \u00fchendust<\/a>.<\/span><\/p>\t\t\t\t\t\t\t\t<\/div>\n\t\t\t\t<\/div>\n\t\t\t\t\t<\/div>\n\t\t<\/div>\n\t\t\t\t\t<\/div>\n\t\t<\/section>\n\t\t\t\t<\/div>","protected":false},"excerpt":{"rendered":"<p>Teenuse tingimused Seda veebisaiti nakdespirit.ee haldab Liblikapuu O\u00dc. Kogu saidil viitavad terminid \u201cmeie\u201d, \u201cmeie\u201d ja \u201cmeie\u201d Liblikapuu O\u00dc-le. Liblikapuu O\u00dc pakub seda veebisaiti, sealhulgas kogu sellelt saidilt saadaolevat teavet, t\u00f6\u00f6riistu ja teenuseid teile, kasutajale tingimusel, et n\u00f5ustute k\u00f5igi [\u2026]<\/p>","protected":false},"author":1,"featured_media":0,"parent":0,"menu_order":0,"comment_status":"closed","ping_status":"closed","template":"","meta":{"_acf_changed":false,"site-sidebar-layout":"no-sidebar","site-content-layout":"page-builder","ast-site-content-layout":"","site-content-style":"default","site-sidebar-style":"default","ast-global-header-display":"","ast-banner-title-visibility":"","ast-main-header-display":"","ast-hfb-above-header-display":"","ast-hfb-below-header-display":"","ast-hfb-mobile-header-display":"","site-post-title":"disabled","ast-breadcrumbs-content":"disabled","ast-featured-img":"disabled","footer-sml-layout":"","theme-transparent-header-meta":"enabled","adv-header-id-meta":"","stick-header-meta":"","header-above-stick-meta":"","header-main-stick-meta":"","header-below-stick-meta":"","astra-migrate-meta-layouts":"default","ast-page-background-enabled":"default","ast-page-background-meta":{"desktop":{"background-color":"var(--ast-global-color-4)","background-image":"","background-repeat":"repeat","background-position":"center center","background-size":"auto","background-attachment":"scroll","background-type":"","background-media":"","overlay-type":"","overlay-color":"","overlay-opacity":"","overlay-gradient":""},"tablet":{"background-color":"","background-image":"","background-repeat":"repeat","background-position":"center center","background-size":"auto","background-attachment":"scroll","background-type":"","background-media":"","overlay-type":"","overlay-color":"","overlay-opacity":"","overlay-gradient":""},"mobile":{"background-color":"","background-image":"","background-repeat":"repeat","background-position":"center center","background-size":"auto","background-attachment":"scroll","background-type":"","background-media":"","overlay-type":"","overlay-color":"","overlay-opacity":"","overlay-gradient":""}},"ast-content-background-meta":{"desktop":{"background-color":"var(--ast-global-color-5)","background-image":"","background-repeat":"repeat","background-position":"center center","background-size":"auto","background-attachment":"scroll","background-type":"","background-media":"","overlay-type":"","overlay-color":"","overlay-opacity":"","overlay-gradient":""},"tablet":{"background-color":"var(--ast-global-color-5)","background-image":"","background-repeat":"repeat","background-position":"center center","background-size":"auto","background-attachment":"scroll","background-type":"","background-media":"","overlay-type":"","overlay-color":"","overlay-opacity":"","overlay-gradient":""},"mobile":{"background-color":"var(--ast-global-color-5)","background-image":"","background-repeat":"repeat","background-position":"center center","background-size":"auto","background-attachment":"scroll","background-type":"","background-media":"","overlay-type":"","overlay-color":"","overlay-opacity":"","overlay-gradient":""}},"footnotes":""},"class_list":["post-2764","page","type-page","status-publish","hentry"],"acf":[],"_links":{"self":[{"href":"https:\/\/www.nakedspirit.ee\/est\/wp-json\/wp\/v2\/pages\/2764","targetHints":{"allow":["GET"]}}],"collection":[{"href":"https:\/\/www.nakedspirit.ee\/est\/wp-json\/wp\/v2\/pages"}],"about":[{"href":"https:\/\/www.nakedspirit.ee\/est\/wp-json\/wp\/v2\/types\/page"}],"author":[{"embeddable":true,"href":"https:\/\/www.nakedspirit.ee\/est\/wp-json\/wp\/v2\/users\/1"}],"replies":[{"embeddable":true,"href":"https:\/\/www.nakedspirit.ee\/est\/wp-json\/wp\/v2\/comments?post=2764"}],"version-history":[{"count":0,"href":"https:\/\/www.nakedspirit.ee\/est\/wp-json\/wp\/v2\/pages\/2764\/revisions"}],"wp:attachment":[{"href":"https:\/\/www.nakedspirit.ee\/est\/wp-json\/wp\/v2\/media?parent=2764"}],"curies":[{"name":"wp","href":"https:\/\/api.w.org\/{rel}","templated":true}]}}