{"id":2901,"date":"2023-08-17T05:17:27","date_gmt":"2023-08-17T05:17:27","guid":{"rendered":"https:\/\/nakedspirit.ee\/?page_id=2901"},"modified":"2023-10-11T07:51:50","modified_gmt":"2023-10-11T07:51:50","slug":"blog","status":"publish","type":"page","link":"https:\/\/www.nakedspirit.ee\/est\/blog\/","title":{"rendered":"Blogi"},"content":{"rendered":"<div data-elementor-type=\"wp-page\" data-elementor-id=\"2901\" class=\"elementor elementor-2901\" data-elementor-post-type=\"page\">\n\t\t\t\t<div class=\"elementor-element elementor-element-29b20ef e-flex e-con-boxed e-con e-parent\" data-id=\"29b20ef\" data-element_type=\"container\" data-e-type=\"container\" data-settings=\"{&quot;background_background&quot;:&quot;classic&quot;}\">\n\t\t\t\t\t<div class=\"e-con-inner\">\n\t\t\t\t<div class=\"elementor-element elementor-element-ef628a5 elementor-widget elementor-widget-heading\" data-id=\"ef628a5\" data-element_type=\"widget\" data-e-type=\"widget\" data-widget_type=\"heading.default\">\n\t\t\t\t<div class=\"elementor-widget-container\">\n\t\t\t\t\t<h1 class=\"elementor-heading-title elementor-size-large\">Blogi<\/h1>\t\t\t\t<\/div>\n\t\t\t\t<\/div>\n\t\t\t\t<div class=\"elementor-element elementor-element-d6e0c33 elementor-grid-3 elementor-grid-tablet-2 elementor-grid-mobile-1 elementor-posts--thumbnail-top load-more-align-center elementor-widget elementor-widget-posts\" data-id=\"d6e0c33\" data-element_type=\"widget\" data-e-type=\"widget\" data-settings=\"{&quot;pagination_type&quot;:&quot;load_more_on_click&quot;,&quot;classic_columns&quot;:&quot;3&quot;,&quot;classic_columns_tablet&quot;:&quot;2&quot;,&quot;classic_columns_mobile&quot;:&quot;1&quot;,&quot;classic_row_gap&quot;:{&quot;unit&quot;:&quot;px&quot;,&quot;size&quot;:35,&quot;sizes&quot;:[]},&quot;classic_row_gap_tablet&quot;:{&quot;unit&quot;:&quot;px&quot;,&quot;size&quot;:&quot;&quot;,&quot;sizes&quot;:[]},&quot;classic_row_gap_mobile&quot;:{&quot;unit&quot;:&quot;px&quot;,&quot;size&quot;:&quot;&quot;,&quot;sizes&quot;:[]},&quot;load_more_spinner&quot;:{&quot;value&quot;:&quot;fas fa-spinner&quot;,&quot;library&quot;:&quot;fa-solid&quot;}}\" data-widget_type=\"posts.classic\">\n\t\t\t\t<div class=\"elementor-widget-container\">\n\t\t\t\t\t\t\t<div class=\"elementor-posts-container elementor-posts elementor-posts--skin-classic elementor-grid\">\n\t\t\t\t<article class=\"elementor-post elementor-grid-item post-17171 post type-post status-publish format-standard hentry category-uncategorized\">\n\t\t\t\t<div class=\"elementor-post__text\">\n\t\t\t\t<h3 class=\"elementor-post__title\">\n\t\t\t<a href=\"https:\/\/www.nakedspirit.ee\/est\/registraciya-v-onlayn-kazino-azino777-mobile-zerkalo\/\" >\n\t\t\t\t\u0420\u0435\u0433\u0438\u0441\u0442\u0440\u0430\u0446\u0438\u044f \u0412 \u041e\u043d\u043b\u0430\u0439\u043d \u041a\u0430\u0437\u0438\u043d\u043e Azino777 Mobile \u0417\u0435\u0440\u043a\u0430\u043b\u043e\t\t\t<\/a>\n\t\t<\/h3>\n\t\t\t\t<div class=\"elementor-post__excerpt\">\n\t\t\t<p>\u0420\u0435\u0433\u0438\u0441\u0442\u0440\u0430\u0446\u0438\u044f \u0412 \u041e\u043d\u043b\u0430\u0439\u043d \u041a\u0430\u0437\u0438\u043d\u043e Azino777 Mobile \u0417\u0435\u0440\u043a\u0430\u043b\u043e<\/p>\n\t\t<\/div>\n\t\t\n\t\t<a class=\"elementor-post__read-more\" href=\"https:\/\/www.nakedspirit.ee\/est\/registraciya-v-onlayn-kazino-azino777-mobile-zerkalo\/\" aria-label=\"Read more about \u0420\u0435\u0433\u0438\u0441\u0442\u0440\u0430\u0446\u0438\u044f \u0412 \u041e\u043d\u043b\u0430\u0439\u043d \u041a\u0430\u0437\u0438\u043d\u043e Azino777 Mobile \u0417\u0435\u0440\u043a\u0430\u043b\u043e\" tabindex=\"-1\" >\n\t\t\tLoe edasi\t\t<\/a>\n\n\t\t\t\t<\/div>\n\t\t\t\t<\/article>\n\t\t\t\t<article class=\"elementor-post elementor-grid-item post-17167 post type-post status-publish format-standard hentry category-uncategorized\">\n\t\t\t\t<div class=\"elementor-post__text\">\n\t\t\t\t<h3 class=\"elementor-post__title\">\n\t\t\t<a href=\"https:\/\/www.nakedspirit.ee\/est\/1xbet-turkiye-guncel-bahis-adresi-guvenilir-hizmet\/\" >\n\t\t\t\t1xBet Turkiye Guncel Bahis Aadress: Guvenilir Hizmet\t\t\t<\/a>\n\t\t<\/h3>\n\t\t\t\t<div class=\"elementor-post__excerpt\">\n\t\t\t<p>1xBet Turkiye Guncel Bahis Aadress: Guvenilir Hizmet<\/p>\n\t\t<\/div>\n\t\t\n\t\t<a class=\"elementor-post__read-more\" href=\"https:\/\/www.nakedspirit.ee\/est\/1xbet-turkiye-guncel-bahis-adresi-guvenilir-hizmet\/\" aria-label=\"Read more about 1xBet Turkiye Guncel Bahis Adresi: Guvenilir Hizmet\" tabindex=\"-1\" >\n\t\t\tLoe edasi\t\t<\/a>\n\n\t\t\t\t<\/div>\n\t\t\t\t<\/article>\n\t\t\t\t<article class=\"elementor-post elementor-grid-item post-17159 post type-post status-publish format-standard hentry category-uncategorized\">\n\t\t\t\t<div class=\"elementor-post__text\">\n\t\t\t\t<h3 class=\"elementor-post__title\">\n\t\t\t<a href=\"https:\/\/www.nakedspirit.ee\/est\/guncel-sweet-bonanza-kazanma-saatleri-ve-taktikleri\/\" >\n\t\t\t\tGuncel Sweet Bonanza Kazanma Saatleri ja Taktikleri\t\t\t<\/a>\n\t\t<\/h3>\n\t\t\t\t<div class=\"elementor-post__excerpt\">\n\t\t\t<p>Guncel Sweet Bonanza Kazanma Saatleri ja Taktikleri<\/p>\n\t\t<\/div>\n\t\t\n\t\t<a class=\"elementor-post__read-more\" href=\"https:\/\/www.nakedspirit.ee\/est\/guncel-sweet-bonanza-kazanma-saatleri-ve-taktikleri\/\" aria-label=\"Read more about Guncel Sweet Bonanza Kazanma Saatleri ve Taktikleri\" tabindex=\"-1\" >\n\t\t\tLoe edasi\t\t<\/a>\n\n\t\t\t\t<\/div>\n\t\t\t\t<\/article>\n\t\t\t\t<article class=\"elementor-post elementor-grid-item post-17145 post type-post status-publish format-standard hentry category-uncategorized\">\n\t\t\t\t<div class=\"elementor-post__text\">\n\t\t\t\t<h3 class=\"elementor-post__title\">\n\t\t\t<a href=\"https:\/\/www.nakedspirit.ee\/est\/mostbeti-tercih-edin-ve-kazancli-bahis-deneyimi-yasayin\/\" >\n\t\t\t\tMostbet&#039;i Tercih Edin ja Kazancli Bahis Deneyimi Yasayin\t\t\t<\/a>\n\t\t<\/h3>\n\t\t\t\t<div class=\"elementor-post__excerpt\">\n\t\t\t<p>Mostbet&#039;i Tercih Edin ja Kazancli Bahis Deneyimi Yasayin<\/p>\n\t\t<\/div>\n\t\t\n\t\t<a class=\"elementor-post__read-more\" href=\"https:\/\/www.nakedspirit.ee\/est\/mostbeti-tercih-edin-ve-kazancli-bahis-deneyimi-yasayin\/\" aria-label=\"Read more about Mostbet\u2019i Tercih Edin ve Kazancli Bahis Deneyimi Yasayin\" tabindex=\"-1\" >\n\t\t\tLoe edasi\t\t<\/a>\n\n\t\t\t\t<\/div>\n\t\t\t\t<\/article>\n\t\t\t\t<article class=\"elementor-post elementor-grid-item post-17141 post type-post status-publish format-standard hentry category-uncategorized\">\n\t\t\t\t<div class=\"elementor-post__text\">\n\t\t\t\t<h3 class=\"elementor-post__title\">\n\t\t\t<a href=\"https:\/\/www.nakedspirit.ee\/est\/buyuk-kazanclar-icin-gatesofolympus-slot-mumkun-mu\/\" >\n\t\t\t\tBuyuk Kazanclar Icin Gatesofolympus Slot Mumkun mu?\t\t\t<\/a>\n\t\t<\/h3>\n\t\t\t\t<div class=\"elementor-post__excerpt\">\n\t\t\t<p>Buyuk Kazanclar Icin Gatesofolympus Slot Mumkun mu?<\/p>\n\t\t<\/div>\n\t\t\n\t\t<a class=\"elementor-post__read-more\" href=\"https:\/\/www.nakedspirit.ee\/est\/buyuk-kazanclar-icin-gatesofolympus-slot-mumkun-mu\/\" aria-label=\"Read more about Buyuk Kazanclar Icin Gatesofolympus Slot Mumkun mu?\" tabindex=\"-1\" >\n\t\t\tLoe edasi\t\t<\/a>\n\n\t\t\t\t<\/div>\n\t\t\t\t<\/article>\n\t\t\t\t<article class=\"elementor-post elementor-grid-item post-17130 post type-post status-publish format-standard hentry category-uncategorized\">\n\t\t\t\t<div class=\"elementor-post__text\">\n\t\t\t\t<h3 class=\"elementor-post__title\">\n\t\t\t<a href=\"https:\/\/www.nakedspirit.ee\/est\/gates-of-olympus-i%cc%87le-tanrilarin-arasina-katil\/\" >\n\t\t\t\tOl\u00fcmpose v\u00e4ravad \u0130le Tanr\u0131lar\u0131n Aras\u0131na Kat\u0131l\t\t\t<\/a>\n\t\t<\/h3>\n\t\t\t\t<div class=\"elementor-post__excerpt\">\n\t\t\t<p>Ol\u00fcmpose v\u00e4ravad \u0130le Tanr\u0131lar\u0131n Aras\u0131na Kat\u0131l<\/p>\n\t\t<\/div>\n\t\t\n\t\t<a class=\"elementor-post__read-more\" href=\"https:\/\/www.nakedspirit.ee\/est\/gates-of-olympus-i%cc%87le-tanrilarin-arasina-katil\/\" aria-label=\"Read more about Gates of Olympus \u0130le Tanr\u0131lar\u0131n Aras\u0131na Kat\u0131l\" tabindex=\"-1\" >\n\t\t\tLoe edasi\t\t<\/a>\n\n\t\t\t\t<\/div>\n\t\t\t\t<\/article>\n\t\t\t\t<article class=\"elementor-post elementor-grid-item post-17120 post type-post status-publish format-standard hentry category-uncategorized\">\n\t\t\t\t<div class=\"elementor-post__text\">\n\t\t\t\t<h3 class=\"elementor-post__title\">\n\t\t\t<a href=\"https:\/\/www.nakedspirit.ee\/est\/buyuk-odullere-ulasmanin-yolu-bonanza-sweet-slot-oyunu\/\" >\n\t\t\t\tOstke Odullere Ulasmanin Yolu: Bonanza Sweet Slot Oyunu\t\t\t<\/a>\n\t\t<\/h3>\n\t\t\t\t<div class=\"elementor-post__excerpt\">\n\t\t\t<p>Ostke Odullere Ulasmanin Yolu: Bonanza Sweet Slot Oyunu<\/p>\n\t\t<\/div>\n\t\t\n\t\t<a class=\"elementor-post__read-more\" href=\"https:\/\/www.nakedspirit.ee\/est\/buyuk-odullere-ulasmanin-yolu-bonanza-sweet-slot-oyunu\/\" aria-label=\"Read more about Buyuk Odullere Ulasmanin Yolu: Bonanza Sweet Slot Oyunu\" tabindex=\"-1\" >\n\t\t\tLoe edasi\t\t<\/a>\n\n\t\t\t\t<\/div>\n\t\t\t\t<\/article>\n\t\t\t\t<article class=\"elementor-post elementor-grid-item post-17118 post type-post status-publish format-standard hentry category-uncategorized\">\n\t\t\t\t<div class=\"elementor-post__text\">\n\t\t\t\t<h3 class=\"elementor-post__title\">\n\t\t\t<a href=\"https:\/\/www.nakedspirit.ee\/est\/aviator-bahis-ile-buyuk-odulleri-kazan\/\" >\n\t\t\t\tAviator bahis ile buyuk odulleri kazan\t\t\t<\/a>\n\t\t<\/h3>\n\t\t\t\t<div class=\"elementor-post__excerpt\">\n\t\t\t<p>Aviator bahis ile buyuk odulleri kazan<\/p>\n\t\t<\/div>\n\t\t\n\t\t<a class=\"elementor-post__read-more\" href=\"https:\/\/www.nakedspirit.ee\/est\/aviator-bahis-ile-buyuk-odulleri-kazan\/\" aria-label=\"Read more about Aviator bahis ile buyuk odulleri kazan\" tabindex=\"-1\" >\n\t\t\tLoe edasi\t\t<\/a>\n\n\t\t\t\t<\/div>\n\t\t\t\t<\/article>\n\t\t\t\t<article class=\"elementor-post elementor-grid-item post-17066 post type-post status-publish format-standard hentry category-uncategorized\">\n\t\t\t\t<div class=\"elementor-post__text\">\n\t\t\t\t<h3 class=\"elementor-post__title\">\n\t\t\t<a href=\"https:\/\/www.nakedspirit.ee\/est\/mostbet-giris-islemleri-ile-ilgili-ipuclari\/\" >\n\t\t\t\tMostbet giris islemleri ile ilgili ipuclari\t\t\t<\/a>\n\t\t<\/h3>\n\t\t\t\t<div class=\"elementor-post__excerpt\">\n\t\t\t<p>Mostbet giris islemleri ile ilgili ipuclari<\/p>\n\t\t<\/div>\n\t\t\n\t\t<a class=\"elementor-post__read-more\" href=\"https:\/\/www.nakedspirit.ee\/est\/mostbet-giris-islemleri-ile-ilgili-ipuclari\/\" aria-label=\"Read more about Mostbet giris islemleri ile ilgili ipuclari\" tabindex=\"-1\" >\n\t\t\tLoe edasi\t\t<\/a>\n\n\t\t\t\t<\/div>\n\t\t\t\t<\/article>\n\t\t\t\t<\/div>\n\t\t\t\t\t<span class=\"e-load-more-spinner\">\n\t\t\t\t<svg aria-hidden=\"true\" class=\"e-font-icon-svg e-fas-spinner\" viewbox=\"0 0 512 512\" xmlns=\"http:\/\/www.w3.org\/2000\/svg\"><path d=\"M304 48c0 26.51-21.49 48-48 48s-48-21.49-48-48 21.49-48 48-48 48 21.49 48 48zm-48 368c-26.51 0-48 21.49-48 48s21.49 48 48 48 48-21.49 48-48-21.49-48-48-48zm208-208c-26.51 0-48 21.49-48 48s21.49 48 48 48 48-21.49 48-48-21.49-48-48-48zM96 256c0-26.51-21.49-48-48-48S0 229.49 0 256s21.49 48 48 48 48-21.49 48-48zm12.922 99.078c-26.51 0-48 21.49-48 48s21.49 48 48 48 48-21.49 48-48c0-26.509-21.491-48-48-48zm294.156 0c-26.51 0-48 21.49-48 48s21.49 48 48 48 48-21.49 48-48c0-26.509-21.49-48-48-48zM108.922 60.922c-26.51 0-48 21.49-48 48s21.49 48 48 48 48-21.49 48-48-21.491-48-48-48z\"><\/path><\/svg>\t\t\t<\/span>\n\t\t\n\t\t\t\t<div class=\"e-load-more-anchor\" data-page=\"1\" data-max-page=\"2\" data-next-page=\"https:\/\/www.nakedspirit.ee\/est\/wp-json\/wp\/v2\/pages\/2901\/page\/2\/\"><\/div>\n\t\t\t\t<div class=\"elementor-button-wrapper\">\n\t\t\t<a href=\"#\" class=\"elementor-button-link elementor-button\" role=\"button\">\n\t\t\t\t\t\t<span class=\"elementor-button-content-wrapper\">\n\t\t\t\t\t\t\t\t\t<span class=\"elementor-button-text\">Laadige rohkem<\/span>\n\t\t\t\t\t<\/span>\n\t\t\t\t\t<\/a>\n\t\t<\/div>\n\t\t\t\t<div class=\"e-load-more-message\"><\/div>\n\t\t\t\t\t\t<\/div>\n\t\t\t\t<\/div>\n\t\t\t\t\t<\/div>\n\t\t\t\t<\/div>\n\t\t<div class=\"elementor-element elementor-element-778dd25 e-flex e-con-boxed e-con e-parent\" data-id=\"778dd25\" data-element_type=\"container\" data-e-type=\"container\">\n\t\t\t\t\t<div class=\"e-con-inner\">\n\t\t\t\t<div class=\"elementor-element elementor-element-6b0917c elementor-widget elementor-widget-heading\" data-id=\"6b0917c\" data-element_type=\"widget\" data-e-type=\"widget\" data-widget_type=\"heading.default\">\n\t\t\t\t<div class=\"elementor-widget-container\">\n\t\t\t\t\t<h2 class=\"elementor-heading-title elementor-size-default\">Uued saabujad<\/h2>\t\t\t\t<\/div>\n\t\t\t\t<\/div>\n\t\t\t\t<div class=\"elementor-element elementor-element-3151579 elementor-widget elementor-widget-shortcode\" data-id=\"3151579\" data-element_type=\"widget\" data-e-type=\"widget\" data-widget_type=\"shortcode.default\">\n\t\t\t\t<div class=\"elementor-widget-container\">\n\t\t\t\t\t\t\t<div class=\"elementor-shortcode\"><div class=\"woocommerce columns-4\"><ul class=\"products columns-4\">\n<li class=\"desktop-align-left tablet-align-left mobile-align-left ast-product-gallery-layout-horizontal ast-product-tabs-layout-distributed product type-product post-17203 status-publish first instock product_cat-gift-box has-post-thumbnail shipping-taxable purchasable product-type-simple\">\n\t<a href=\"https:\/\/www.nakedspirit.ee\/est\/toode\/bloom-giftbox\/\" class=\"woocommerce-LoopProduct-link woocommerce-loop-product__link\"><img fetchpriority=\"high\" decoding=\"async\" width=\"300\" height=\"300\" src=\"https:\/\/www.nakedspirit.ee\/wp-content\/uploads\/2025\/11\/vaike_karp-300x300.webp\" class=\"attachment-woocommerce_thumbnail size-woocommerce_thumbnail\" alt=\"Bloom Giftbox\" srcset=\"https:\/\/www.nakedspirit.ee\/wp-content\/uploads\/2025\/11\/vaike_karp-300x300.webp 300w, https:\/\/www.nakedspirit.ee\/wp-content\/uploads\/2025\/11\/vaike_karp-150x150.webp 150w, https:\/\/www.nakedspirit.ee\/wp-content\/uploads\/2025\/11\/vaike_karp-100x100.webp 100w\" sizes=\"(max-width: 300px) 100vw, 300px\" \/><h2 class=\"woocommerce-loop-product__title\">\"Bloom\" Kinkekarp<\/h2><div class=\"review-rating\"><div class=\"star-rating\"><span style=\"width:0%\" data-no-translation=\"\" data-trp-gettext=\"\">Hinnatud <strong class=\"rating\">0<\/strong> 5-st<\/span><\/div><\/div>\n\t<span class=\"price\"><span class=\"woocommerce-Price-amount amount\"><bdi>49&nbsp;<span class=\"woocommerce-Price-currencySymbol\">\u20ac<\/span><\/bdi><\/span><\/span>\n<\/a><a href=\"\/est\/wp-json\/wp\/v2\/pages\/2901?add-to-cart=17203\" aria-describedby=\"woocommerce_loop_add_to_cart_link_describedby_17203\" data-quantity=\"1\" class=\"button product_type_simple add_to_cart_button ajax_add_to_cart\" data-product_id=\"17203\" data-product_sku=\"vtBoxSuur-1\" aria-label=\"Lisa ostukorvi: \u201cBloom Giftbox\u201d\" rel=\"nofollow\" data-success_message=\"\u201cBloom Giftbox\u201d on lisatud teie ostukorvi\" role=\"button\" data-no-translation=\"\" data-trp-gettext=\"\" data-no-translation-aria-label=\"\" data-no-translation-data-success_message=\"\">Lisa ostukorvi<\/a>\t<span id=\"woocommerce_loop_add_to_cart_link_describedby_17203\" class=\"screen-reader-text\">\n\t\t\t<\/span>\n<\/li>\n<li class=\"desktop-align-left tablet-align-left mobile-align-left ast-product-gallery-layout-horizontal ast-product-tabs-layout-distributed product type-product post-17179 status-publish instock product_cat-gift-box has-post-thumbnail shipping-taxable purchasable product-type-simple\">\n\t<a href=\"https:\/\/www.nakedspirit.ee\/est\/toode\/magic-in-you-giftbox\/\" class=\"woocommerce-LoopProduct-link woocommerce-loop-product__link\"><img decoding=\"async\" width=\"300\" height=\"300\" src=\"https:\/\/www.nakedspirit.ee\/wp-content\/uploads\/2025\/11\/Suur-300x300.webp\" class=\"attachment-woocommerce_thumbnail size-woocommerce_thumbnail\" alt=\"Magic In You Giftbox\" srcset=\"https:\/\/www.nakedspirit.ee\/wp-content\/uploads\/2025\/11\/Suur-300x300.webp 300w, https:\/\/www.nakedspirit.ee\/wp-content\/uploads\/2025\/11\/Suur-150x150.webp 150w, https:\/\/www.nakedspirit.ee\/wp-content\/uploads\/2025\/11\/Suur-100x100.webp 100w\" sizes=\"(max-width: 300px) 100vw, 300px\" \/><h2 class=\"woocommerce-loop-product__title\">\"Magic In You\" Kinkekarp<\/h2><div class=\"review-rating\"><div class=\"star-rating\"><span style=\"width:0%\" data-no-translation=\"\" data-trp-gettext=\"\">Hinnatud <strong class=\"rating\">0<\/strong> 5-st<\/span><\/div><\/div>\n\t<span class=\"price\"><span class=\"woocommerce-Price-amount amount\"><bdi>69&nbsp;<span class=\"woocommerce-Price-currencySymbol\">\u20ac<\/span><\/bdi><\/span><\/span>\n<\/a><a href=\"\/est\/wp-json\/wp\/v2\/pages\/2901?add-to-cart=17179\" aria-describedby=\"woocommerce_loop_add_to_cart_link_describedby_17179\" data-quantity=\"1\" class=\"button product_type_simple add_to_cart_button ajax_add_to_cart\" data-product_id=\"17179\" data-product_sku=\"vtBoxSuur\" aria-label=\"Lisa ostukorvi: \u201cMagic In You Giftbox\u201d\" rel=\"nofollow\" data-success_message=\"\u201cMagic In You Giftbox\u201d on lisatud teie ostukorvi\" role=\"button\" data-no-translation=\"\" data-trp-gettext=\"\" data-no-translation-aria-label=\"\" data-no-translation-data-success_message=\"\">Lisa ostukorvi<\/a>\t<span id=\"woocommerce_loop_add_to_cart_link_describedby_17179\" class=\"screen-reader-text\">\n\t\t\t<\/span>\n<\/li>\n<li class=\"desktop-align-left tablet-align-left mobile-align-left ast-product-gallery-layout-horizontal ast-product-tabs-layout-distributed product type-product post-16627 status-publish instock product_cat-accessories has-post-thumbnail shipping-taxable purchasable product-type-simple\">\n\t<a href=\"https:\/\/www.nakedspirit.ee\/est\/toode\/terracota-silk-belt\/\" class=\"woocommerce-LoopProduct-link woocommerce-loop-product__link\"><img decoding=\"async\" width=\"300\" height=\"300\" src=\"https:\/\/www.nakedspirit.ee\/wp-content\/uploads\/2024\/12\/IMG_8732-300x300.webp\" class=\"attachment-woocommerce_thumbnail size-woocommerce_thumbnail\" alt=\"Terracota Silk Belt\" srcset=\"https:\/\/www.nakedspirit.ee\/wp-content\/uploads\/2024\/12\/IMG_8732-300x300.webp 300w, https:\/\/www.nakedspirit.ee\/wp-content\/uploads\/2024\/12\/IMG_8732-150x150.webp 150w, https:\/\/www.nakedspirit.ee\/wp-content\/uploads\/2024\/12\/IMG_8732-100x100.webp 100w\" sizes=\"(max-width: 300px) 100vw, 300px\" \/><h2 class=\"woocommerce-loop-product__title\">Terrakota Siidist V\u00f6\u00f6<\/h2><div class=\"review-rating\"><div class=\"star-rating\"><span style=\"width:0%\" data-no-translation=\"\" data-trp-gettext=\"\">Hinnatud <strong class=\"rating\">0<\/strong> 5-st<\/span><\/div><\/div>\n\t<span class=\"price\"><span class=\"woocommerce-Price-amount amount\"><bdi>39&nbsp;<span class=\"woocommerce-Price-currencySymbol\">\u20ac<\/span><\/bdi><\/span><\/span>\n<\/a><a href=\"\/est\/wp-json\/wp\/v2\/pages\/2901?add-to-cart=16627\" aria-describedby=\"woocommerce_loop_add_to_cart_link_describedby_16627\" data-quantity=\"1\" class=\"button product_type_simple add_to_cart_button ajax_add_to_cart\" data-product_id=\"16627\" data-product_sku=\"vtKimonoP-1-1-1-1\" aria-label=\"Lisa ostukorvi: \u201cTerracota Silk Belt\u201d\" rel=\"nofollow\" data-success_message=\"\u201cTerracota Silk Belt\u201d on lisatud teie ostukorvi\" role=\"button\" data-no-translation=\"\" data-trp-gettext=\"\" data-no-translation-aria-label=\"\" data-no-translation-data-success_message=\"\">Lisa ostukorvi<\/a>\t<span id=\"woocommerce_loop_add_to_cart_link_describedby_16627\" class=\"screen-reader-text\">\n\t\t\t<\/span>\n<\/li>\n<li class=\"desktop-align-left tablet-align-left mobile-align-left ast-product-gallery-layout-horizontal ast-product-tabs-layout-distributed product type-product post-16625 status-publish last onbackorder product_cat-accessories has-post-thumbnail shipping-taxable purchasable product-type-simple\">\n\t<a href=\"https:\/\/www.nakedspirit.ee\/est\/toode\/silence-silk-belt\/\" class=\"woocommerce-LoopProduct-link woocommerce-loop-product__link\"><img loading=\"lazy\" decoding=\"async\" width=\"300\" height=\"300\" src=\"https:\/\/www.nakedspirit.ee\/wp-content\/uploads\/2024\/12\/IMG_8728-300x300.webp\" class=\"attachment-woocommerce_thumbnail size-woocommerce_thumbnail\" alt=\"Silence Silk Belt\" srcset=\"https:\/\/www.nakedspirit.ee\/wp-content\/uploads\/2024\/12\/IMG_8728-300x300.webp 300w, https:\/\/www.nakedspirit.ee\/wp-content\/uploads\/2024\/12\/IMG_8728-150x150.webp 150w, https:\/\/www.nakedspirit.ee\/wp-content\/uploads\/2024\/12\/IMG_8728-100x100.webp 100w\" sizes=\"(max-width: 300px) 100vw, 300px\" \/><h2 class=\"woocommerce-loop-product__title\">Silence Siidist V\u00f6\u00f6<\/h2><div class=\"review-rating\"><div class=\"star-rating\"><span style=\"width:0%\" data-no-translation=\"\" data-trp-gettext=\"\">Hinnatud <strong class=\"rating\">0<\/strong> 5-st<\/span><\/div><\/div>\n\t<span class=\"price\"><span class=\"woocommerce-Price-amount amount\"><bdi>39&nbsp;<span class=\"woocommerce-Price-currencySymbol\">\u20ac<\/span><\/bdi><\/span><\/span>\n<\/a><a href=\"\/est\/wp-json\/wp\/v2\/pages\/2901?add-to-cart=16625\" aria-describedby=\"woocommerce_loop_add_to_cart_link_describedby_16625\" data-quantity=\"1\" class=\"button product_type_simple add_to_cart_button ajax_add_to_cart\" data-product_id=\"16625\" data-product_sku=\"vtKimonoP-1-1-2\" aria-label=\"Lisa ostukorvi: \u201cSilence Silk Belt\u201d\" rel=\"nofollow\" data-success_message=\"\u201cSilence Silk Belt\u201d on lisatud teie ostukorvi\" role=\"button\" data-no-translation=\"\" data-trp-gettext=\"\" data-no-translation-aria-label=\"\" data-no-translation-data-success_message=\"\">Lisa ostukorvi<\/a>\t<span id=\"woocommerce_loop_add_to_cart_link_describedby_16625\" class=\"screen-reader-text\">\n\t\t\t<\/span>\n<\/li>\n<\/ul>\n<\/div><\/div>\n\t\t\t\t\t\t<\/div>\n\t\t\t\t<\/div>\n\t\t\t\t<div class=\"elementor-element elementor-element-b663164 elementor-align-center elementor-widget elementor-widget-button\" data-id=\"b663164\" data-element_type=\"widget\" data-e-type=\"widget\" data-widget_type=\"button.default\">\n\t\t\t\t<div class=\"elementor-widget-container\">\n\t\t\t\t\t\t\t\t\t<div class=\"elementor-button-wrapper\">\n\t\t\t\t\t<a class=\"elementor-button elementor-button-link elementor-size-sm\" href=\"https:\/\/www.nakedspirit.ee\/est\/shop\/?orderby=date\">\n\t\t\t\t\t\t<span class=\"elementor-button-content-wrapper\">\n\t\t\t\t\t\t\t\t\t<span class=\"elementor-button-text\">Kuva k\u00f5ik<\/span>\n\t\t\t\t\t<\/span>\n\t\t\t\t\t<\/a>\n\t\t\t\t<\/div>\n\t\t\t\t\t\t\t\t<\/div>\n\t\t\t\t<\/div>\n\t\t\t\t\t<\/div>\n\t\t\t\t<\/div>\n\t\t\t\t<\/div>","protected":false},"excerpt":{"rendered":"<p>Blog New Arrivals View All<\/p>","protected":false},"author":1,"featured_media":0,"parent":0,"menu_order":0,"comment_status":"closed","ping_status":"closed","template":"elementor_header_footer","meta":{"_acf_changed":false,"site-sidebar-layout":"no-sidebar","site-content-layout":"page-builder","ast-site-content-layout":"","site-content-style":"default","site-sidebar-style":"default","ast-global-header-display":"","ast-banner-title-visibility":"","ast-main-header-display":"","ast-hfb-above-header-display":"","ast-hfb-below-header-display":"","ast-hfb-mobile-header-display":"","site-post-title":"disabled","ast-breadcrumbs-content":"","ast-featured-img":"disabled","footer-sml-layout":"","theme-transparent-header-meta":"default","adv-header-id-meta":"","stick-header-meta":"default","header-above-stick-meta":"","header-main-stick-meta":"","header-below-stick-meta":"","astra-migrate-meta-layouts":"default","ast-page-background-enabled":"default","ast-page-background-meta":{"desktop":{"background-color":"var(--ast-global-color-4)","background-image":"","background-repeat":"repeat","background-position":"center center","background-size":"auto","background-attachment":"scroll","background-type":"","background-media":"","overlay-type":"","overlay-color":"","overlay-opacity":"","overlay-gradient":""},"tablet":{"background-color":"","background-image":"","background-repeat":"repeat","background-position":"center center","background-size":"auto","background-attachment":"scroll","background-type":"","background-media":"","overlay-type":"","overlay-color":"","overlay-opacity":"","overlay-gradient":""},"mobile":{"background-color":"","background-image":"","background-repeat":"repeat","background-position":"center center","background-size":"auto","background-attachment":"scroll","background-type":"","background-media":"","overlay-type":"","overlay-color":"","overlay-opacity":"","overlay-gradient":""}},"ast-content-background-meta":{"desktop":{"background-color":"var(--ast-global-color-5)","background-image":"","background-repeat":"repeat","background-position":"center center","background-size":"auto","background-attachment":"scroll","background-type":"","background-media":"","overlay-type":"","overlay-color":"","overlay-opacity":"","overlay-gradient":""},"tablet":{"background-color":"var(--ast-global-color-5)","background-image":"","background-repeat":"repeat","background-position":"center center","background-size":"auto","background-attachment":"scroll","background-type":"","background-media":"","overlay-type":"","overlay-color":"","overlay-opacity":"","overlay-gradient":""},"mobile":{"background-color":"var(--ast-global-color-5)","background-image":"","background-repeat":"repeat","background-position":"center center","background-size":"auto","background-attachment":"scroll","background-type":"","background-media":"","overlay-type":"","overlay-color":"","overlay-opacity":"","overlay-gradient":""}},"footnotes":""},"class_list":["post-2901","page","type-page","status-publish","hentry"],"acf":[],"_links":{"self":[{"href":"https:\/\/www.nakedspirit.ee\/est\/wp-json\/wp\/v2\/pages\/2901","targetHints":{"allow":["GET"]}}],"collection":[{"href":"https:\/\/www.nakedspirit.ee\/est\/wp-json\/wp\/v2\/pages"}],"about":[{"href":"https:\/\/www.nakedspirit.ee\/est\/wp-json\/wp\/v2\/types\/page"}],"author":[{"embeddable":true,"href":"https:\/\/www.nakedspirit.ee\/est\/wp-json\/wp\/v2\/users\/1"}],"replies":[{"embeddable":true,"href":"https:\/\/www.nakedspirit.ee\/est\/wp-json\/wp\/v2\/comments?post=2901"}],"version-history":[{"count":0,"href":"https:\/\/www.nakedspirit.ee\/est\/wp-json\/wp\/v2\/pages\/2901\/revisions"}],"wp:attachment":[{"href":"https:\/\/www.nakedspirit.ee\/est\/wp-json\/wp\/v2\/media?parent=2901"}],"curies":[{"name":"wp","href":"https:\/\/api.w.org\/{rel}","templated":true}]}}